{"id":1873,"date":"2014-01-19T19:47:30","date_gmt":"2014-01-19T17:47:30","guid":{"rendered":"https:\/\/jaheca.se\/carro\/365foton2014\/?page_id=112"},"modified":"2021-05-15T19:07:14","modified_gmt":"2021-05-15T17:07:14","slug":"egna-teman-2014","status":"publish","type":"page","link":"https:\/\/carrofoto.nu\/365foton\/teman-2014\/egna-teman-2014\/","title":{"rendered":"Egna teman 2014"},"content":{"rendered":"<p>1. Dyster<br \/>\n2. Beh\u00e5llare<br \/>\n3. Inspirerande<br \/>\n4. Alla Hj\u00e4rtans Dag<br \/>\n5. Dimmigt<br \/>\n6. \u00c4ntligen!<br \/>\n7. Vikter<br \/>\n8. Upp\u00e5t<br \/>\n9. Suddig<br \/>\n10. Dammig<br \/>\n11. Bl\u00e5slav (ers\u00e4tter Sk\u00e4gglav)<br \/>\n12. Upp och ner<br \/>\n13. Varning<br \/>\n14. M\u00f6nster<br \/>\n15. Panorama<br \/>\n16. Spegling<br \/>\n17. Larv<br \/>\n18. Nationaldag<br \/>\n19. Ub\u00e5t<br \/>\n20. Tak<br \/>\n21. F\u00f6rsta<br \/>\n22. Ovanlig<br \/>\n23. Pampig<br \/>\n24. Kupol<br \/>\n25. G\u00e5ng<br \/>\n26. Tegel<br \/>\n27. Skyfall<br \/>\n28. Hallon<br \/>\n29. Smoothie<br \/>\n30. Jordgubbar<br \/>\n31. Smultron<br \/>\n32. Trimmad<br \/>\n33. Fokus<br \/>\n34. Taggig<br \/>\n35. Skymning<br \/>\n36. Flodkr\u00f6k<br \/>\n37. Lurvig<br \/>\n38. Sk\u00e4ggig<br \/>\n39. Sj\u00e4lvlysande<br \/>\n40. \u00c4lvdans<br \/>\n41. Dagsljus<br \/>\n42. Kusligt<\/p>\n","protected":false},"excerpt":{"rendered":"<p>1. Dyster 2. Beh\u00e5llare 3. Inspirerande 4. Alla Hj\u00e4rtans Dag 5. Dimmigt 6. \u00c4ntligen! 7. Vikter 8. Upp\u00e5t 9. Suddig 10. Dammig 11. Bl\u00e5slav (ers\u00e4tter Sk\u00e4gglav) 12. Upp och ner 13. Varning 14. M\u00f6nster 15. Panorama 16. Spegling 17. Larv 18. Nationaldag 19. Ub\u00e5t 20. Tak 21. F\u00f6rsta 22. Ovanlig&#8230; <a class=\"continue-reading-link\" href=\"https:\/\/carrofoto.nu\/365foton\/teman-2014\/egna-teman-2014\/\"> Continue reading <span class=\"meta-nav\">&rarr; <\/span><\/a><\/p>\n","protected":false},"author":1,"featured_media":0,"parent":1861,"menu_order":0,"comment_status":"closed","ping_status":"closed","template":"","meta":{"footnotes":""},"class_list":["post-1873","page","type-page","status-publish","hentry"],"_links":{"self":[{"href":"https:\/\/carrofoto.nu\/365foton\/wp-json\/wp\/v2\/pages\/1873","targetHints":{"allow":["GET"]}}],"collection":[{"href":"https:\/\/carrofoto.nu\/365foton\/wp-json\/wp\/v2\/pages"}],"about":[{"href":"https:\/\/carrofoto.nu\/365foton\/wp-json\/wp\/v2\/types\/page"}],"author":[{"embeddable":true,"href":"https:\/\/carrofoto.nu\/365foton\/wp-json\/wp\/v2\/users\/1"}],"replies":[{"embeddable":true,"href":"https:\/\/carrofoto.nu\/365foton\/wp-json\/wp\/v2\/comments?post=1873"}],"version-history":[{"count":1,"href":"https:\/\/carrofoto.nu\/365foton\/wp-json\/wp\/v2\/pages\/1873\/revisions"}],"predecessor-version":[{"id":2433,"href":"https:\/\/carrofoto.nu\/365foton\/wp-json\/wp\/v2\/pages\/1873\/revisions\/2433"}],"up":[{"embeddable":true,"href":"https:\/\/carrofoto.nu\/365foton\/wp-json\/wp\/v2\/pages\/1861"}],"wp:attachment":[{"href":"https:\/\/carrofoto.nu\/365foton\/wp-json\/wp\/v2\/media?parent=1873"}],"curies":[{"name":"wp","href":"https:\/\/api.w.org\/{rel}","templated":true}]}}