{"id":1874,"date":"2014-01-19T19:54:05","date_gmt":"2014-01-19T17:54:05","guid":{"rendered":"https:\/\/jaheca.se\/carro\/365foton2014\/?page_id=114"},"modified":"2026-02-04T17:07:27","modified_gmt":"2026-02-04T16:07:27","slug":"mina-kameror","status":"publish","type":"page","link":"https:\/\/carrofoto.nu\/365foton\/mina-kameror\/","title":{"rendered":"Mina kameror"},"content":{"rendered":"<p>Mina kameror best\u00e5r av:<\/p>\n<p><em>Samsung Galaxy S21<\/em> \u2013 min mobilkamera som f\u00f6ljer med \u00f6verallt, vilket g\u00f6r det l\u00e4tt att ta bilder i farten om man ser ett l\u00e4mpligt tema helt pl\u00f6tsligt. Anv\u00e4nder denna till 90% av fotograferingen.<\/p>\n<p><em>Canon EOS M50\u00a0<\/em>\u2013 min f\u00f6rsta spegelfria systemkamera som jag k\u00f6pte december 2019. Anv\u00e4nder den till och fr\u00e5n, fr\u00e4mst vid studiofotografering och ute i naturen n\u00e4r hundarna INTE f\u00f6ljer med, d\u00e5 de har s\u00e5 br\u00e5ttom j\u00e4mt!<\/p>\n","protected":false},"excerpt":{"rendered":"<p>Mina kameror best\u00e5r av: Samsung Galaxy S21 \u2013 min mobilkamera som f\u00f6ljer med \u00f6verallt, vilket g\u00f6r det l\u00e4tt att ta bilder i farten om man ser ett l\u00e4mpligt tema helt pl\u00f6tsligt. Anv\u00e4nder denna till 90% av fotograferingen. Canon EOS M50\u00a0\u2013 min f\u00f6rsta spegelfria systemkamera som jag k\u00f6pte december 2019. Anv\u00e4nder&#8230; <a class=\"continue-reading-link\" href=\"https:\/\/carrofoto.nu\/365foton\/mina-kameror\/\"> Continue reading <span class=\"meta-nav\">&rarr; <\/span><\/a><\/p>\n","protected":false},"author":1,"featured_media":0,"parent":0,"menu_order":15,"comment_status":"closed","ping_status":"closed","template":"","meta":{"footnotes":""},"class_list":["post-1874","page","type-page","status-publish","hentry"],"_links":{"self":[{"href":"https:\/\/carrofoto.nu\/365foton\/wp-json\/wp\/v2\/pages\/1874","targetHints":{"allow":["GET"]}}],"collection":[{"href":"https:\/\/carrofoto.nu\/365foton\/wp-json\/wp\/v2\/pages"}],"about":[{"href":"https:\/\/carrofoto.nu\/365foton\/wp-json\/wp\/v2\/types\/page"}],"author":[{"embeddable":true,"href":"https:\/\/carrofoto.nu\/365foton\/wp-json\/wp\/v2\/users\/1"}],"replies":[{"embeddable":true,"href":"https:\/\/carrofoto.nu\/365foton\/wp-json\/wp\/v2\/comments?post=1874"}],"version-history":[{"count":3,"href":"https:\/\/carrofoto.nu\/365foton\/wp-json\/wp\/v2\/pages\/1874\/revisions"}],"predecessor-version":[{"id":4641,"href":"https:\/\/carrofoto.nu\/365foton\/wp-json\/wp\/v2\/pages\/1874\/revisions\/4641"}],"wp:attachment":[{"href":"https:\/\/carrofoto.nu\/365foton\/wp-json\/wp\/v2\/media?parent=1874"}],"curies":[{"name":"wp","href":"https:\/\/api.w.org\/{rel}","templated":true}]}}