{"id":2435,"date":"2021-01-02T18:40:32","date_gmt":"2021-01-02T16:40:32","guid":{"rendered":"https:\/\/carrofoto.nu\/365foton\/?page_id=2435"},"modified":"2023-03-14T22:32:42","modified_gmt":"2023-03-14T20:32:42","slug":"teman-2021","status":"publish","type":"page","link":"https:\/\/carrofoto.nu\/365foton\/teman-2021\/","title":{"rendered":"Teman 2021"},"content":{"rendered":"<ol>\n<li>Abstrakt<\/li>\n<li>Advent<\/li>\n<li>Anonym<\/li>\n<li>Another brick in the wall<\/li>\n<li>Arvegods<\/li>\n<li>Att inte v\u00e5ga sl\u00e4ppa taget<\/li>\n<li>Avbild<\/li>\n<li>Avbrott<\/li>\n<li>Avskalat<\/li>\n<li>Badhus<\/li>\n<li>Bakifr\u00e5n<\/li>\n<li>Bakom fl\u00f6tet<\/li>\n<li>Bakom kulisserna<\/li>\n<li>Bakom ryggen<\/li>\n<li>Balk<\/li>\n<li>Beskrivning<\/li>\n<li>Besk\u00e4ra<\/li>\n<li>Bilvrak<\/li>\n<li>Blanka b\u00e4r<\/li>\n<li>Blek sk\u00f6nhet<\/li>\n<li>Blixtl\u00e5s<\/li>\n<li>Bl\u00e5klocka<\/li>\n<li>Bock<\/li>\n<li>Bokeh<\/li>\n<li>Bokstav<\/li>\n<li>Brant<\/li>\n<li>Br\u00e4ddavlopp<\/li>\n<li>Bunkring<\/li>\n<li>Burgare<\/li>\n<li>Byte<\/li>\n<li>B\u00e4gare<\/li>\n<li>B\u00e4ttre en mobilbild \u00e4n ingen alls<\/li>\n<li>B\u00f6jbar<\/li>\n<li>Coronatomt<\/li>\n<li>C-Vitamin<\/li>\n<li>Dagens slut<\/li>\n<li>Daggfuktigt<\/li>\n<li>Dancing in the dark<\/li>\n<li>De som inte finns ibland oss l\u00e4ngre<\/li>\n<li>Den h\u00e4r \u00e4r jag n\u00f6jd med<\/li>\n<li>Det \u00e4r de sm\u00e5 detaljerna som g\u00f6r det\u2026<\/li>\n<li>Dillkrona<\/li>\n<li>Distanserat<\/li>\n<li>Dragkamp<\/li>\n<li>Dr\u00f6mk\u00e5k<\/li>\n<li>Dr\u00f6mskt<\/li>\n<li>Dubbelt upp<\/li>\n<li>Dyker<\/li>\n<li>D\u00e4r ljuset \u00e4r<\/li>\n<li>Efter jobb<\/li>\n<li>Egen blandning<\/li>\n<li>Eldsl\u00e5gor<\/li>\n<li>En av m\u00e5nens faser<\/li>\n<li>En del stigar leder till kunskap<\/li>\n<li>En g\u00e5ng om \u00e5ret<\/li>\n<li>En liten droppe<\/li>\n<li>En vacker insekt<\/li>\n<li>Ett st\u00f6d i livet<\/li>\n<li>Ett svart h\u00e5l<\/li>\n<li>Fabrikationsmiss<\/li>\n<li>Fallf\u00e4rdig<\/li>\n<li>Fartr\u00e4nder<\/li>\n<li>Fasad<\/li>\n<li>Festligt<\/li>\n<li>Fiskebodar<\/li>\n<li>Fj\u00e4der<\/li>\n<li>Fj\u00e4ttrad<\/li>\n<li>Flagnar<\/li>\n<li>Folktomt<\/li>\n<li>Fotouppdrag<\/li>\n<li>Fraktproblem<\/li>\n<li>Fri som en f\u00e5gel<\/li>\n<li>Frost<\/li>\n<li>Fr\u00e5n ljust till m\u00f6rkt<\/li>\n<li>Fr\u00e5n tv\u00e5 h\u00e5ll<\/li>\n<li>Fullt \u00f6s!<\/li>\n<li>Fyra f\u00e4rger i leken<\/li>\n<li>F\u00e5nga dagen<\/li>\n<li>F\u00e4rgklick<\/li>\n<li>F\u00e4rgnyanser<\/li>\n<li>F\u00f6delsedagskalas<\/li>\n<li>F\u00f6r full hals<\/li>\n<li>F\u00f6r s\u00e4kerhets skull<\/li>\n<li>F\u00f6rberedelser<\/li>\n<li>F\u00f6rfall<\/li>\n<li>F\u00f6rst till kvarn f\u00e5r f\u00f6rst v\u00e4lja!<\/li>\n<li>F\u00f6rsta frosten<\/li>\n<li>F\u00f6rsvar<\/li>\n<li>Generad<\/li>\n<li>Glas<\/li>\n<li>Glass i stora lass<\/li>\n<li>Gl\u00f6m mig inte<\/li>\n<li>God morgon!<\/li>\n<li>Goda grannar<\/li>\n<li>Graffiti<\/li>\n<li>Gr\u00f6nt \u00e4r sk\u00f6nt<\/li>\n<li>Guld och gr\u00f6na skogar<\/li>\n<li>Guldljus<\/li>\n<li>Ha h\u00e4nderna fulla<\/li>\n<li>Halvd\u00f6d<\/li>\n<li>Harkrank<\/li>\n<li>Heavy Metal<\/li>\n<li>Helt skruvat<\/li>\n<li>Hemester<\/li>\n<li>High key<\/li>\n<li>Historia<\/li>\n<li>Historisk mark<\/li>\n<li>Hj\u00e4rtesak<\/li>\n<li>H\u00e5ll avst\u00e5nd<\/li>\n<li>H\u00e5ller<\/li>\n<li>H\u00e4stsvans<\/li>\n<li>H\u00f6ghus<\/li>\n<li>H\u00f6rna<\/li>\n<li>H\u00f6stf\u00e4rger<\/li>\n<li>H\u00f6stk\u00e4nsla<\/li>\n<li>H\u00f6stl\u00f6v<\/li>\n<li>H\u00f6stsk\u00f6rd<\/li>\n<li>I baks\u00e4tet<\/li>\n<li>I bl\u00e5b\u00e4rsriset<\/li>\n<li>I buteljen<\/li>\n<li>I de sm\u00e5 gr\u00e4nderna<\/li>\n<li>I den stora skogen<\/li>\n<li>I det enkla bor det vackra<\/li>\n<li>I grenklykan<\/li>\n<li>I kanalen<\/li>\n<li>I motljus<\/li>\n<li>I parken<\/li>\n<li>I portg\u00e5ngen<\/li>\n<li>I profil<\/li>\n<li>I toppen<\/li>\n<li>I vasen<\/li>\n<li>I v\u00e4gen<\/li>\n<li>I v\u00e4ntan p\u00e5 \u2026.<\/li>\n<li>Inget kalas utan kras<\/li>\n<li>Ing\u00e5ng<\/li>\n<li>Inkapslad<\/li>\n<li>Inrullad<\/li>\n<li>Installation<\/li>\n<li>Inte en kotte<\/li>\n<li>Invasiv<\/li>\n<li>Inzoomad<\/li>\n<li>Italienskt<\/li>\n<li>Jag lagar<\/li>\n<li>Kaffe alltid kaffe<\/li>\n<li>Karusell<\/li>\n<li>Kasta inte sten i glashus<\/li>\n<li>Klart och kallt<\/li>\n<li>Klippor<\/li>\n<li>Kn\u00e4ckt<\/li>\n<li>Ko<\/li>\n<li>Kolsvart<\/li>\n<li>Komplex<\/li>\n<li>Kontakt<\/li>\n<li>Kopparf\u00e4rgat<\/li>\n<li>Krattad<\/li>\n<li>Kreativt<\/li>\n<li>Krumspr\u00e5ng<\/li>\n<li>Kugghjul<\/li>\n<li>Kung Bores verk<\/li>\n<li>Kungen<\/li>\n<li>Kunskapsbank<\/li>\n<li>Kvartett<\/li>\n<li>Kv\u00e4llsbild<\/li>\n<li>Kv\u00e4llsjobb<\/li>\n<li>K\u00f6a<\/li>\n<li>K\u00f6ldskydd<\/li>\n<li>Lada<\/li>\n<li>Land of the midnight sun<\/li>\n<li>Landskapsblomma<\/li>\n<li>Laser<\/li>\n<li>Latmansmat<\/li>\n<li>Lavar<\/li>\n<li>Ledtr\u00e5dar<\/li>\n<li>Lika men olika<\/li>\n<li>Liten tuva stj\u00e4lper ofta stort lass<\/li>\n<li>Ljung<\/li>\n<li>Ljuss\u00e4tta<\/li>\n<li>Lysande gul<\/li>\n<li>L\u00e4mnat sp\u00e5r<\/li>\n<li>L\u00e4ros\u00e4te<\/li>\n<li>L\u00e4skande<\/li>\n<li>Magisk plats<\/li>\n<li>Majs<\/li>\n<li>Marmorerad<\/li>\n<li>Mask<\/li>\n<li>Massiv<\/li>\n<li>Matchar<\/li>\n<li>Med sm\u00e5 medel<\/li>\n<li>Mellanlandning<\/li>\n<li>Middagsf\u00f6rberedelse<\/li>\n<li>Midsommarnatt<\/li>\n<li>Milj\u00f6bov<\/li>\n<li>Min favoritdoft<\/li>\n<li>Min fotostudio<\/li>\n<li>Miniatyr<\/li>\n<li>Minns i november den ljuva september\u2026<\/li>\n<li>Missv\u00e4xt<\/li>\n<li>Moderna tider<\/li>\n<li>Modersk\u00e4rlek<\/li>\n<li>Morgonljus<\/li>\n<li>Mot muren<\/li>\n<li>Mycket gott<\/li>\n<li>Mygga<\/li>\n<li>M\u00e5nga j\u00e4rn i elden<\/li>\n<li>M\u00e5nga niv\u00e5er<\/li>\n<li>M\u00e5nga smaker<\/li>\n<li>M\u00e4tt i magen<\/li>\n<li>M\u00f6rker<\/li>\n<li>M\u00f6te i skogen<\/li>\n<li>Nationaldagen<\/li>\n<li>Naturgodis<\/li>\n<li>Naturlig konst<\/li>\n<li>Njuta p\u00e5 balkongen<\/li>\n<li>Novembergr\u00e5tt<\/li>\n<li>Nu var det dags igen \u2026<\/li>\n<li>Nummerlapp<\/li>\n<li>Nygr\u00e4ddat<\/li>\n<li>Nykomling<\/li>\n<li>Nyplanterat<\/li>\n<li>Nypon<\/li>\n<li>N\u00e5gon har koll p\u00e5 ditt liv<\/li>\n<li>N\u00e5got att k\u00e4mpa f\u00f6r<\/li>\n<li>N\u00e4r kommer dom?<\/li>\n<li>N\u00e4stan monokromt<\/li>\n<li>N\u00f6rdig<\/li>\n<li>Of\u00f6rsiktigt<\/li>\n<li>Oklart<\/li>\n<li>Olika men lika<\/li>\n<li>Onlinem\u00f6te<\/li>\n<li>Orkid\u00e9<\/li>\n<li>Or\u00f6rlig<\/li>\n<li>Oskarpt<\/li>\n<li>Panorama<\/li>\n<li>Panorering<\/li>\n<li>Pareidoli<\/li>\n<li>Pasta<\/li>\n<li>Pennor<\/li>\n<li>Plantering<\/li>\n<li>Pleased to meet you<\/li>\n<li>Plommon<\/li>\n<li>Pluggar<\/li>\n<li>Porslinsf\u00e5gel<\/li>\n<li>Port<\/li>\n<li>Praktfull<\/li>\n<li>Prick<\/li>\n<li>Pride<\/li>\n<li>Problem<\/li>\n<li>Program<\/li>\n<li>Projekt<\/li>\n<li>P\u00e5 en sten<\/li>\n<li>P\u00e5 fruset vatten<\/li>\n<li>P\u00e5 ljusbordet<\/li>\n<li>P\u00e5 marknaden<\/li>\n<li>P\u00e5 planket<\/li>\n<li>P\u00e5 plats<\/li>\n<li>P\u00e5 stigen<\/li>\n<li>P\u00e5skgul<\/li>\n<li>P\u00e4rlband<\/li>\n<li>Redo f\u00f6r avf\u00e4rd<\/li>\n<li>Reflektioner<\/li>\n<li>Regnby<\/li>\n<li>Rensa<\/li>\n<li>Rida<\/li>\n<li>Romber<\/li>\n<li>Rotation<\/li>\n<li>Rundlar<\/li>\n<li>Rutig<\/li>\n<li>R\u00e5dhus<\/li>\n<li>R\u00e4dsla<\/li>\n<li>R\u00f6tt och Svart<\/li>\n<li>Sagolikt<\/li>\n<li>Samla i ladorna<\/li>\n<li>Samlare<\/li>\n<li>Sammansvetsade<\/li>\n<li>Septembermorgon<\/li>\n<li>Shack<\/li>\n<li>Sidoljus<\/li>\n<li>Siffror<\/li>\n<li>Sitter p\u00e5 rad<\/li>\n<li>Skaldjur<\/li>\n<li>Skidor<\/li>\n<li>Skrumpen<\/li>\n<li>Skum<\/li>\n<li>Skymd<\/li>\n<li>Sluten<\/li>\n<li>Sl\u00e5 an en str\u00e4ng<\/li>\n<li>Smutsig<\/li>\n<li>Sm\u00e5stadsidyll<\/li>\n<li>Snubbelrisk<\/li>\n<li>Sockerchock<\/li>\n<li>Soffh\u00e4ng<\/li>\n<li>Sol och skugga<\/li>\n<li>Som ett konstverk<\/li>\n<li>Sommarmat<\/li>\n<li>Sommar\u00e4ng<\/li>\n<li>Spanar<\/li>\n<li>Spegelv\u00e4nd<\/li>\n<li>Spinner<\/li>\n<li>Spira<\/li>\n<li>Stallg\u00e5ng<\/li>\n<li>Stamg\u00e4st<\/li>\n<li>Stenugn<\/li>\n<li>Stift<\/li>\n<li>Stj\u00e4rnor<\/li>\n<li>Stolt<\/li>\n<li>Stomme<\/li>\n<li>Stopp<\/li>\n<li>Storkok<\/li>\n<li>Styrka och smak<\/li>\n<li>Svenska sk\u00e4rg\u00e5rden<\/li>\n<li>Sv\u00e5rl\u00e4st<\/li>\n<li>Sv\u00e4rdb\u00e4rare<\/li>\n<li>S\u00e4g det med en s\u00e5ng<\/li>\n<li>Tak<\/li>\n<li>Tangentbord<\/li>\n<li>Tankfull<\/li>\n<li>Timring<\/li>\n<li>Tittar fram<\/li>\n<li>Tj\u00e4rn<\/li>\n<li>Trasig<\/li>\n<li>Travar<\/li>\n<li>Tref\u00e4rgad<\/li>\n<li>Trio<\/li>\n<li>Tripp-trapp-trull<\/li>\n<li>Trof\u00e9<\/li>\n<li>Trolskt<\/li>\n<li>Tr\u00e4dg\u00e5rdskonst<\/li>\n<li>Tr\u00e4skalle<\/li>\n<li>Tunna<\/li>\n<li>Tvilling<\/li>\n<li>Tv\u00e5 av fyra<\/li>\n<li>T\u00e4nder<\/li>\n<li>Under paraplyet<\/li>\n<li>Underbara sommarn\u00e4tter<\/li>\n<li>Upp och ner<\/li>\n<li>Upplyft<\/li>\n<li>Uppradat<\/li>\n<li>Utsikt fr\u00e5n en brygga<\/li>\n<li>Utslagen<\/li>\n<li>Vackra hus<\/li>\n<li>Vad har du i glaset?<\/li>\n<li>Valborgsm\u00e4ss<\/li>\n<li>Valm\u00f6jligheter<\/li>\n<li>Varningsskylt<\/li>\n<li>Vattenfall<\/li>\n<li>Vem d\u00e4r?<\/li>\n<li>Vi firar!<\/li>\n<li>Vid kajen<\/li>\n<li>Vid strandkanten<\/li>\n<li>Vid str\u00f6mmen<\/li>\n<li>Vilket v\u00e4der!<\/li>\n<li>Vill in<\/li>\n<li>Vill ocks\u00e5 vara med<\/li>\n<li>Virrvarr<\/li>\n<li>Vitaminrik<\/li>\n<li>V\u00e5gsk\u00e5l<\/li>\n<li>V\u00e5r<\/li>\n<li>V\u00e5rpromenad<\/li>\n<li>V\u00e5rvinterljus<\/li>\n<li>V\u00e4lsignelse<\/li>\n<li>V\u00e4rmek\u00e4lla<\/li>\n<li>\u00c5rsdag<\/li>\n<li>\u00c5terbruk<\/li>\n<li>\u00d6<\/li>\n<li>\u00d6de och tom<\/li>\n<\/ol>\n","protected":false},"excerpt":{"rendered":"<p>Abstrakt Advent Anonym Another brick in the wall Arvegods Att inte v\u00e5ga sl\u00e4ppa taget Avbild Avbrott Avskalat Badhus Bakifr\u00e5n Bakom fl\u00f6tet Bakom kulisserna Bakom ryggen Balk Beskrivning Besk\u00e4ra Bilvrak Blanka b\u00e4r Blek sk\u00f6nhet Blixtl\u00e5s Bl\u00e5klocka Bock Bokeh Bokstav Brant Br\u00e4ddavlopp Bunkring Burgare Byte B\u00e4gare B\u00e4ttre en mobilbild \u00e4n ingen alls&#8230; <a class=\"continue-reading-link\" href=\"https:\/\/carrofoto.nu\/365foton\/teman-2021\/\"> Continue reading <span class=\"meta-nav\">&rarr; <\/span><\/a><\/p>\n","protected":false},"author":1,"featured_media":0,"parent":0,"menu_order":9,"comment_status":"closed","ping_status":"closed","template":"","meta":{"footnotes":""},"class_list":["post-2435","page","type-page","status-publish","hentry"],"_links":{"self":[{"href":"https:\/\/carrofoto.nu\/365foton\/wp-json\/wp\/v2\/pages\/2435","targetHints":{"allow":["GET"]}}],"collection":[{"href":"https:\/\/carrofoto.nu\/365foton\/wp-json\/wp\/v2\/pages"}],"about":[{"href":"https:\/\/carrofoto.nu\/365foton\/wp-json\/wp\/v2\/types\/page"}],"author":[{"embeddable":true,"href":"https:\/\/carrofoto.nu\/365foton\/wp-json\/wp\/v2\/users\/1"}],"replies":[{"embeddable":true,"href":"https:\/\/carrofoto.nu\/365foton\/wp-json\/wp\/v2\/comments?post=2435"}],"version-history":[{"count":1,"href":"https:\/\/carrofoto.nu\/365foton\/wp-json\/wp\/v2\/pages\/2435\/revisions"}],"predecessor-version":[{"id":2436,"href":"https:\/\/carrofoto.nu\/365foton\/wp-json\/wp\/v2\/pages\/2435\/revisions\/2436"}],"wp:attachment":[{"href":"https:\/\/carrofoto.nu\/365foton\/wp-json\/wp\/v2\/media?parent=2435"}],"curies":[{"name":"wp","href":"https:\/\/api.w.org\/{rel}","templated":true}]}}