{"id":2459,"date":"2021-01-09T16:16:30","date_gmt":"2021-01-09T15:16:30","guid":{"rendered":"https:\/\/carrofoto.nu\/365foton\/?page_id=2459"},"modified":"2022-01-06T16:41:07","modified_gmt":"2022-01-06T15:41:07","slug":"egna-teman-2021","status":"publish","type":"page","link":"https:\/\/carrofoto.nu\/365foton\/teman-2021\/egna-teman-2021\/","title":{"rendered":"Egna teman 2021"},"content":{"rendered":"<ol>\n<li>Vinterljus<\/li>\n<li>Solens kraft<\/li>\n<li>P\u00e5 en stubbe<\/li>\n<li>Matbar<\/li>\n<li>Solgul<\/li>\n<li>Lappad och lagad<\/li>\n<li>Arbetsredskap<\/li>\n<li>Bl\u00e5filter<\/li>\n<li>Sidoblick<\/li>\n<li>Kn\u00e4hund<\/li>\n<li>Lunch i skogen<\/li>\n<li>Dismorgon<\/li>\n<\/ol>\n","protected":false},"excerpt":{"rendered":"<p>Vinterljus Solens kraft P\u00e5 en stubbe Matbar Solgul Lappad och lagad Arbetsredskap Bl\u00e5filter Sidoblick Kn\u00e4hund Lunch i skogen Dismorgon<\/p>\n","protected":false},"author":1,"featured_media":0,"parent":2435,"menu_order":0,"comment_status":"closed","ping_status":"closed","template":"","meta":{"footnotes":""},"class_list":["post-2459","page","type-page","status-publish","hentry"],"_links":{"self":[{"href":"https:\/\/carrofoto.nu\/365foton\/wp-json\/wp\/v2\/pages\/2459","targetHints":{"allow":["GET"]}}],"collection":[{"href":"https:\/\/carrofoto.nu\/365foton\/wp-json\/wp\/v2\/pages"}],"about":[{"href":"https:\/\/carrofoto.nu\/365foton\/wp-json\/wp\/v2\/types\/page"}],"author":[{"embeddable":true,"href":"https:\/\/carrofoto.nu\/365foton\/wp-json\/wp\/v2\/users\/1"}],"replies":[{"embeddable":true,"href":"https:\/\/carrofoto.nu\/365foton\/wp-json\/wp\/v2\/comments?post=2459"}],"version-history":[{"count":6,"href":"https:\/\/carrofoto.nu\/365foton\/wp-json\/wp\/v2\/pages\/2459\/revisions"}],"predecessor-version":[{"id":4237,"href":"https:\/\/carrofoto.nu\/365foton\/wp-json\/wp\/v2\/pages\/2459\/revisions\/4237"}],"up":[{"embeddable":true,"href":"https:\/\/carrofoto.nu\/365foton\/wp-json\/wp\/v2\/pages\/2435"}],"wp:attachment":[{"href":"https:\/\/carrofoto.nu\/365foton\/wp-json\/wp\/v2\/media?parent=2459"}],"curies":[{"name":"wp","href":"https:\/\/api.w.org\/{rel}","templated":true}]}}