{"id":3623,"date":"2014-12-26T17:22:08","date_gmt":"2014-12-26T15:22:08","guid":{"rendered":"https:\/\/jaheca.se\/carro\/365foton2015\/?page_id=8"},"modified":"2021-11-14T15:30:19","modified_gmt":"2021-11-14T14:30:19","slug":"egna-teman","status":"publish","type":"page","link":"https:\/\/carrofoto.nu\/365foton\/teman-2015-2-2\/egna-teman\/","title":{"rendered":"Egna teman 2015"},"content":{"rendered":"<ol>\n<li>Tofsar<\/li>\n<li>Sn\u00f6kristaller<\/li>\n<li>Nos<\/li>\n<li>Tv\u00e5 v\u00e4rldsdelar<\/li>\n<li>Kontrast<\/li>\n<li>Orm<\/li>\n<li>Vet ej<\/li>\n<li>P\u00e5 bordet<\/li>\n<li>T\u00e4ckt<\/li>\n<li>V\u00e4derstation<\/li>\n<li>Stormf\u00e4llt<\/li>\n<li>Rivj\u00e4rn<\/li>\n<li>J\u00e4ser<\/li>\n<li>Tillv\u00e4xt<\/li>\n<li>Belyst<\/li>\n<li>Filosofisk<\/li>\n<li>Valborgsm\u00e4ssoafton<\/li>\n<li>Udda<\/li>\n<li>Bred last<\/li>\n<li>Kringla<\/li>\n<li>Forsar<\/li>\n<li>Midsommarmat<\/li>\n<li>Secret Santa<\/li>\n<li>Fokus<\/li>\n<li>Nyfikenhet<\/li>\n<li>Spretar<\/li>\n<li>Rolig<\/li>\n<li>Julkakor<\/li>\n<li>Julpynt<\/li>\n<li>Dism\u00e5ne<\/li>\n<li>Aktiv<\/li>\n<li>F\u00f6rsiktig<\/li>\n<li>Egen vr\u00e5<\/li>\n<li>Sandstorm<\/li>\n<li>Kaffedrink<\/li>\n<li>Kombination<\/li>\n<li>M\u00e5ngalen<\/li>\n<li>Blodm\u00e5ne<\/li>\n<li>Avverkar<\/li>\n<li>Rosa<\/li>\n<li>Gott slut!<\/li>\n<\/ol>\n","protected":false},"excerpt":{"rendered":"<p>Tofsar Sn\u00f6kristaller Nos Tv\u00e5 v\u00e4rldsdelar Kontrast Orm Vet ej P\u00e5 bordet T\u00e4ckt V\u00e4derstation Stormf\u00e4llt Rivj\u00e4rn J\u00e4ser Tillv\u00e4xt Belyst Filosofisk Valborgsm\u00e4ssoafton Udda Bred last Kringla Forsar Midsommarmat Secret Santa Fokus Nyfikenhet Spretar Rolig Julkakor Julpynt Dism\u00e5ne Aktiv F\u00f6rsiktig Egen vr\u00e5 Sandstorm Kaffedrink Kombination M\u00e5ngalen Blodm\u00e5ne Avverkar Rosa Gott slut!<\/p>\n","protected":false},"author":1,"featured_media":0,"parent":4,"menu_order":0,"comment_status":"closed","ping_status":"closed","template":"","meta":{"footnotes":""},"class_list":["post-3623","page","type-page","status-publish","hentry"],"_links":{"self":[{"href":"https:\/\/carrofoto.nu\/365foton\/wp-json\/wp\/v2\/pages\/3623","targetHints":{"allow":["GET"]}}],"collection":[{"href":"https:\/\/carrofoto.nu\/365foton\/wp-json\/wp\/v2\/pages"}],"about":[{"href":"https:\/\/carrofoto.nu\/365foton\/wp-json\/wp\/v2\/types\/page"}],"author":[{"embeddable":true,"href":"https:\/\/carrofoto.nu\/365foton\/wp-json\/wp\/v2\/users\/1"}],"replies":[{"embeddable":true,"href":"https:\/\/carrofoto.nu\/365foton\/wp-json\/wp\/v2\/comments?post=3623"}],"version-history":[{"count":3,"href":"https:\/\/carrofoto.nu\/365foton\/wp-json\/wp\/v2\/pages\/3623\/revisions"}],"predecessor-version":[{"id":4201,"href":"https:\/\/carrofoto.nu\/365foton\/wp-json\/wp\/v2\/pages\/3623\/revisions\/4201"}],"up":[{"embeddable":true,"href":"https:\/\/carrofoto.nu\/365foton\/wp-json\/wp\/v2\/pages\/4"}],"wp:attachment":[{"href":"https:\/\/carrofoto.nu\/365foton\/wp-json\/wp\/v2\/media?parent=3623"}],"curies":[{"name":"wp","href":"https:\/\/api.w.org\/{rel}","templated":true}]}}