{"id":4,"date":"2014-12-26T17:21:02","date_gmt":"2014-12-26T15:21:02","guid":{"rendered":"https:\/\/jaheca.se\/carro\/365foton2015\/?page_id=4"},"modified":"2023-03-14T22:32:29","modified_gmt":"2023-03-14T20:32:29","slug":"teman-2015-2-2","status":"publish","type":"page","link":"https:\/\/carrofoto.nu\/365foton\/teman-2015-2-2\/","title":{"rendered":"Teman 2015"},"content":{"rendered":"<p>Jag har \u00e4ven gjort temalistan som en PDF-fil f\u00f6r den som vill ha den p\u00e5 ett papper.<br \/>\n<a href=\"https:\/\/carrofoto.nu\/365foton\/wp-content\/uploads\/2014\/12\/Teman-2015-1.pdf\" target=\"_blank\" rel=\"noopener\">Temalista 2015<\/a><\/p>\n<p>Bl\u00e5tt betyder att jag skippar det temat i \u00e5r.<\/p>\n<p><span style=\"color: #0000ff;\">1. 8:e mars<\/span><br \/>\n<span style=\"color: #ff0000;\">2. Akter<\/span><br \/>\n<span style=\"color: #0000ff;\">3. Alla hj\u00e4rtans dag<\/span><br \/>\n4. Amputerad<br \/>\n5. Andlig<br \/>\n<span style=\"color: #ff0000;\">6. Andningsh\u00e5l<\/span><br \/>\n<span style=\"color: #ff0000;\">7. Avbild<\/span><br \/>\n<span style=\"color: #ff0000;\">8. Ax<\/span><br \/>\n<span style=\"color: #ff0000;\">9. Backspegeln<\/span><br \/>\n<span style=\"color: #ff0000;\">10. Bakg\u00e5rd<\/span><br \/>\n<span style=\"color: #ff0000;\"> 11. Bakom ryggen<\/span><br \/>\n<span style=\"color: #ff0000;\">12. Balanserande<\/span><br \/>\n<span style=\"color: #ff0000;\">13. Beh\u00e5llare<\/span><br \/>\n<span style=\"color: #ff0000;\">14. Benen upp i luften<\/span><br \/>\n<span style=\"color: #ff0000;\">15. Besviken<\/span><br \/>\n<span style=\"color: #ff0000;\">16. Bett<\/span><br \/>\n<span style=\"color: #ff0000;\">17. Bevingat<\/span><br \/>\n<span style=\"color: #ff0000;\">18. Bitar<\/span><br \/>\n<span style=\"color: #ff0000;\">19. Blandar<\/span><br \/>\n<span style=\"color: #ff0000;\">20. Blickf\u00e5ng<\/span><br \/>\n<span style=\"color: #ff0000;\">21. Blomstertid<\/span><br \/>\n22. Bloss<br \/>\n<span style=\"color: #ff0000;\">23. Bl\u00e5sigt<\/span><br \/>\n<span style=\"color: #ff0000;\">24. Bl\u00e5st<\/span><br \/>\n<span style=\"color: #ff0000;\">25. Bl\u00e4ndad<\/span><br \/>\n<span style=\"color: #ff0000;\">26. Bogsera<\/span><br \/>\n<span style=\"color: #ff0000;\">27. Boplats<\/span><br \/>\n<span style=\"color: #ff0000;\">28. Borst<\/span><br \/>\n<span style=\"color: #ff0000;\">29. Brant<\/span><br \/>\n30. Bromssp\u00e5r<br \/>\n31. Brutal<br \/>\n<span style=\"color: #0000ff;\">32. Br\u00f6llop<\/span><br \/>\n33. Bulb<br \/>\n<span style=\"color: #ff0000;\">34. Bur<\/span><br \/>\n<span style=\"color: #ff0000;\">35. B\u00e5gformad<\/span><br \/>\n<span style=\"color: #ff0000;\">36. B\u00e5s<\/span><br \/>\n<span style=\"color: #ff0000;\">37. B\u00e5thus<\/span><br \/>\n38. B\u00e4lg<br \/>\n<span style=\"color: #ff0000;\">39. B\u00e4ttre en f\u00e5gel \u2026<\/span><br \/>\n40. Citat<br \/>\n<span style=\"color: #ff0000;\">41. Close-up<\/span><br \/>\n42. Cykelbud<br \/>\n43. Dammig<br \/>\n44. Dansar<br \/>\n<span style=\"color: #ff0000;\">45. Densitet<\/span><br \/>\n<span style=\"color: #ff0000;\"> 46. Diffus<\/span><br \/>\n47. Disco<br \/>\n<span style=\"color: #ff0000;\">48. Distraktion<\/span><br \/>\n49. Djupdykning<br \/>\n<span style=\"color: #ff0000;\">50. Drottning<\/span><br \/>\n<span style=\"color: #ff0000;\"> 51. Dunboll<\/span><br \/>\n<span style=\"color: #ff0000;\">52. Dunge<\/span><br \/>\n53. Dyster<br \/>\n<span style=\"color: #ff0000;\">54. D\u00e4ckad<\/span><br \/>\n<span style=\"color: #ff0000;\">55. D\u00f6skalle<\/span><br \/>\n<span style=\"color: #ff0000;\">56. Efter regn \u2026<\/span><br \/>\n<span style=\"color: #ff0000;\"> 57. En g\u00e5ng till<\/span><br \/>\n<span style=\"color: #ff0000;\">58. En liter<\/span><br \/>\n<span style=\"color: #ff0000;\">59. Ensamst\u00e5ende<\/span><br \/>\n<span style=\"color: #ff0000;\"> 60. Famnen full<\/span><br \/>\n61. Fantasi<br \/>\n<span style=\"color: #ff0000;\">62. Farkost<\/span><br \/>\n<span style=\"color: #ff0000;\">63. Fart<\/span><br \/>\n<span style=\"color: #ff0000;\">64. Farv\u00e4l<\/span><br \/>\n<span style=\"color: #ff0000;\">65. Fem i rad<\/span><br \/>\n66. Filmrulle<br \/>\n<span style=\"color: #ff0000;\">67. Fingerf\u00e4rdig<\/span><br \/>\n68. Fingervisning<br \/>\n<span style=\"color: #ff0000;\">69. Fj\u00e4der<\/span><br \/>\n70. Fj\u00e4drande<br \/>\n<span style=\"color: #ff0000;\">71. Fj\u00e4rrstyrd<\/span><br \/>\n72. Flaggspel<br \/>\n<span style=\"color: #ff0000;\">73. Flagnar<\/span><br \/>\n<span style=\"color: #ff0000;\">74. Flikig<\/span><br \/>\n<span style=\"color: #ff0000;\">75. Fluffig<\/span><br \/>\n<span style=\"color: #ff0000;\">76. Flyta<\/span><br \/>\n<span style=\"color: #ff0000;\">77. Fl\u00e4tad<\/span><br \/>\n<span style=\"color: #ff0000;\">78. Folktomt<\/span><br \/>\n<span style=\"color: #ff0000;\">79. Fotarbete<\/span><br \/>\n<span style=\"color: #ff0000;\">80. Frihet<\/span><br \/>\n81. Fripassagerare<br \/>\n<span style=\"color: #ff0000;\">82. Front<\/span><br \/>\n83. Frontfigur<br \/>\n<span style=\"color: #ff0000;\">84. Fr\u00e5n ovan<\/span><br \/>\n<span style=\"color: #ff0000;\">85. Fysik<\/span><br \/>\n<span style=\"color: #ff0000;\">86. F\u00e5ngst<\/span><br \/>\n<span style=\"color: #ff0000;\">87. F\u00e5ror<\/span><br \/>\n<span style=\"color: #ff0000;\">88. F\u00e4bod<\/span><br \/>\n<span style=\"color: #ff0000;\">89. F\u00e4ngsla<\/span><br \/>\n<span style=\"color: #ff0000;\">90. F\u00e4rdas<\/span><br \/>\n<span style=\"color: #ff0000;\"> 91. F\u00e4rdmedel<\/span><br \/>\n<span style=\"color: #ff0000;\">92. F\u00f6delsedagst\u00e5rta<\/span><br \/>\n<span style=\"color: #ff0000;\">93. F\u00f6nsterbord<\/span><br \/>\n<span style=\"color: #ff0000;\">94. F\u00f6nsterspegling<\/span><br \/>\n95. F\u00f6rebild<br \/>\n96. F\u00f6retagsamhet<br \/>\n97. F\u00f6rr\u00e4tt<br \/>\n<span style=\"color: #ff0000;\">98. F\u00f6rsommar<\/span><br \/>\n<span style=\"color: #ff0000;\">99. F\u00f6rsta<\/span><br \/>\n<span style=\"color: #ff0000;\"> 100. F\u00f6rv\u00e5nad<\/span><br \/>\n<span style=\"color: #ff0000;\"> 101. Gaddl\u00f6s<\/span><br \/>\n<span style=\"color: #ff0000;\"> 102. Glupsk<\/span><br \/>\n<span style=\"color: #ff0000;\"> 103. Gl\u00f6d<\/span><br \/>\n104. Go\u2019a gubbar<br \/>\n105. Grannland<br \/>\n<span style=\"color: #ff0000;\">106. Gr\u00f6nare gr\u00e4s<\/span><br \/>\n<span style=\"color: #ff0000;\">107. Gubbe<\/span><br \/>\n1<span style=\"color: #ff0000;\">08. Guide<\/span><br \/>\n<span style=\"color: #ff0000;\">109. G\u00e5ng<\/span><br \/>\n<span style=\"color: #ff0000;\">110. G\u00e4rdsg\u00e5rd<\/span><br \/>\n<span style=\"color: #ff0000;\"> 111. G\u00f6mma<\/span><br \/>\n<span style=\"color: #ff0000;\">112. Hacka<\/span><br \/>\n113. Halvm\u00e5ne<br \/>\n<span style=\"color: #ff0000;\">114. Halvor<\/span><br \/>\n<span style=\"color: #ff0000;\">115. Hetta<\/span><br \/>\n<span style=\"color: #ff0000;\">116. Hissa<\/span><br \/>\n117. Hj\u00e4lp<br \/>\n118. Hoppfull<br \/>\n<span style=\"color: #ff0000;\">119. Horisonten<\/span><br \/>\n<span style=\"color: #ff0000;\">120. Huller om buller<\/span><br \/>\n121. Hur t\u00e4nkte de egentligen h\u00e4r?<br \/>\n<span style=\"color: #ff0000;\">122. H\u00e5llbar<\/span><br \/>\n<span style=\"color: #ff0000;\"> 123. H\u00e4tta<\/span><br \/>\n<span style=\"color: #ff0000;\">124. H\u00f6r ihop<\/span><br \/>\n<span style=\"color: #ff0000;\">125. H\u00f6stkv\u00e4ll<\/span><br \/>\n<span style=\"color: #ff0000;\">126. I farten<\/span><br \/>\n<span style=\"color: #ff0000;\"> 127. I skogen<\/span><br \/>\n<span style=\"color: #ff0000;\">128. I strandkanten<\/span><br \/>\n<span style=\"color: #ff0000;\">129. I s\u00e4llskap<\/span><br \/>\n130. I tid och otid<br \/>\n<span style=\"color: #ff0000;\">131. Iakttagande<\/span><br \/>\n<span style=\"color: #ff0000;\">132. Ih\u00e4rdig<\/span><br \/>\n133. Indirekt<br \/>\n<span style=\"color: #ff0000;\">134. Ingredienser<\/span><br \/>\n<span style=\"color: #ff0000;\">135. Inrutad<\/span><br \/>\n136. Insikt<br \/>\n<span style=\"color: #ff0000;\">137. Insn\u00f6ad<\/span><br \/>\n<span style=\"color: #ff0000;\">138. Invecklat<\/span><br \/>\n<span style=\"color: #ff0000;\"> 139. Invirad<\/span><br \/>\n140. Islossning<br \/>\n<span style=\"color: #ff0000;\">141. J\u00e4gare<\/span><br \/>\n<span style=\"color: #ff0000;\">142. J\u00e4rn<\/span><br \/>\n<span style=\"color: #ff0000;\"> 143. Kaffe med vingar<\/span><br \/>\n<span style=\"color: #ff0000;\">144. Kallelse<\/span><br \/>\n<span style=\"color: #ff0000;\">145. Kanon<\/span><br \/>\n<span style=\"color: #ff0000;\">146. Klart<\/span><br \/>\n<span style=\"color: #ff0000;\">147. Klyftig<\/span><br \/>\n148. Knipa<br \/>\n<span style=\"color: #ff0000;\">149. Knopp<\/span><br \/>\n<span style=\"color: #ff0000;\"> 150. Kommers<\/span><br \/>\n<span style=\"color: #ff0000;\"> 151. Korv<\/span><br \/>\n<span style=\"color: #ff0000;\">152. Kran<\/span><br \/>\n<span style=\"color: #ff0000;\">153. Krasch<\/span><br \/>\n<span style=\"color: #ff0000;\">154. Kronblad<\/span><br \/>\n<span style=\"color: #ff0000;\">155. Krossat<\/span><br \/>\n<span style=\"color: #ff0000;\">156. Krumelur<\/span><br \/>\n<span style=\"color: #ff0000;\"> 157. Kuggar<\/span><br \/>\n<span style=\"color: #ff0000;\">158. Kula<\/span><br \/>\n<span style=\"color: #ff0000;\">159. Kupol<\/span><br \/>\n<span style=\"color: #ff0000;\">160. Kurs<\/span><br \/>\n<span style=\"color: #ff0000;\">161. Kylarm\u00e4rke<\/span><br \/>\n<span style=\"color: #ff0000;\">162. K\u00f6r<\/span><br \/>\n<span style=\"color: #ff0000;\">163. Laddad<\/span><br \/>\n<span style=\"color: #ff0000;\">164. Lapp p\u00e5 lapp<\/span><br \/>\n<span style=\"color: #ff0000;\">165. Led<\/span><br \/>\n166. Leende<br \/>\n<span style=\"color: #ff0000;\">167. Liljor<\/span><br \/>\n<span style=\"color: #ff0000;\">168. Lime<\/span><br \/>\n<span style=\"color: #ff0000;\">169. Ljung<\/span><br \/>\n<span style=\"color: #ff0000;\">170. Ljussken<\/span><br \/>\n<span style=\"color: #ff0000;\">171. Ljusstr\u00e5lar<\/span><br \/>\n<span style=\"color: #ff0000;\"> 172. Lugnet f\u00f6re stormen<\/span><br \/>\n<span style=\"color: #ff0000;\">173. Lurvig<\/span><br \/>\n<span style=\"color: #ff0000;\">174. Lyckats<\/span><br \/>\n<span style=\"color: #ff0000;\"> 175. Lydig<\/span><br \/>\n<span style=\"color: #ff0000;\">176. Lyftkraft<\/span><br \/>\n<span style=\"color: #ff0000;\">177. Lyx<\/span><br \/>\n<span style=\"color: #ff0000;\">178. L\u00e5g<\/span><br \/>\n<span style=\"color: #ff0000;\">179. L\u00e5ga<\/span><br \/>\n<span style=\"color: #ff0000;\">180. L\u00e5ngv\u00e4ga<\/span><br \/>\n<span style=\"color: #ff0000;\">181. L\u00e4nge sedan<\/span><br \/>\n<span style=\"color: #ff0000;\">182. L\u00e4ser<\/span><br \/>\n183. L\u00e4skigt<br \/>\n<span style=\"color: #ff0000;\">184. L\u00f6rdagsgodis<\/span><br \/>\n<span style=\"color: #ff0000;\"> 185. L\u00f6vsprickning<\/span><br \/>\n<span style=\"color: #0000ff;\">186. Majblomma<\/span><br \/>\n<span style=\"color: #ff0000;\">187. Mastigt<\/span><br \/>\n188. Matsedel<br \/>\n<span style=\"color: #ff0000;\">189. Matta<\/span><br \/>\n<span style=\"color: #ff0000;\">190. Med \u00f6ppna \u00f6gon<\/span><br \/>\n<span style=\"color: #ff0000;\">191. Medhj\u00e4lpare<\/span><br \/>\n<span style=\"color: #0000ff;\">192. Midnattssolen<\/span><br \/>\n<span style=\"color: #0000ff;\">193. Midsommarblomster<\/span><br \/>\n<span style=\"color: #ff0000;\">194. Mikrofon<\/span><br \/>\n195. Min<br \/>\n<span style=\"color: #ff0000;\">196. Mina sp\u00e5r<\/span><br \/>\n<span style=\"color: #ff0000;\"> 197. Minnesm\u00e4rke<\/span><br \/>\n<span style=\"color: #ff0000;\">198. Morrh\u00e5r<\/span><br \/>\n<span style=\"color: #ff0000;\">199. Mugg<\/span><br \/>\n<span style=\"color: #ff0000;\">200. Mums<\/span><br \/>\n<span style=\"color: #ff0000;\">201. M\u00e5 v\u00e4l<\/span><br \/>\n<span style=\"color: #ff0000;\">202. M\u00e5tt<\/span><br \/>\n203. Nattsudd<br \/>\n<span style=\"color: #ff0000;\">204. Naturkonst<\/span><br \/>\n<span style=\"color: #ff0000;\"> 205. Naturlig<\/span><br \/>\n<span style=\"color: #ff0000;\"> 206. Neon<\/span><br \/>\n<span style=\"color: #ff0000;\">207. Nyklippt<\/span><br \/>\n<span style=\"color: #ff0000;\">208. Nykomling<\/span><br \/>\n<span style=\"color: #ff0000;\"> 209. N\u00e4bbig<\/span><br \/>\n<span style=\"color: #ff0000;\">210. N\u00e4ckros<\/span><br \/>\n<span style=\"color: #ff0000;\">211. N\u00e4pen<\/span><br \/>\n<span style=\"color: #ff0000;\">212. N\u00e4rsynt<\/span><br \/>\n2<span style=\"color: #ff0000;\">13. Of\u00e4rdig<\/span><br \/>\n214. Olika f\u00f6ruts\u00e4ttningar<br \/>\n215. Om<br \/>\n<span style=\"color: #ff0000;\">216. Omodern<\/span><br \/>\n<span style=\"color: #ff0000;\">217. Or\u00f6rd<\/span><br \/>\n218. Paraply<br \/>\n219. Passa dig<br \/>\n220. Pendling<br \/>\n<span style=\"color: #ff0000;\">221. Piggar<\/span><br \/>\n<span style=\"color: #ff0000;\">222. Pimpad<\/span><br \/>\n223. Plan<br \/>\n224. Plask<br \/>\n225. Plikt<br \/>\n<span style=\"color: #ff0000;\">226. Plockmat<\/span><br \/>\n<span style=\"color: #ff0000;\"> 227. Pluggat<\/span><br \/>\n<span style=\"color: #ff0000;\">228. Pl\u00e5t<\/span><br \/>\n<span style=\"color: #ff0000;\"> 229. Porlar<\/span><br \/>\n<span style=\"color: #ff0000;\">230. Potpurri<\/span><br \/>\n231. Pressad<br \/>\n<span style=\"color: #ff0000;\">232. Prickar<\/span><br \/>\n<span style=\"color: #ff0000;\">233. Puls<\/span><br \/>\n<span style=\"color: #ff0000;\">234. Pulver<\/span><br \/>\n<span style=\"color: #ff0000;\">235. Putsa<\/span><br \/>\n<span style=\"color: #ff0000;\">236. P\u00e5 h\u00f6jden<\/span><br \/>\n<span style=\"color: #ff0000;\">237. P\u00e5 sniskan<\/span><br \/>\n<span style=\"color: #ff0000;\">238. Ram<\/span><br \/>\n<span style=\"color: #ff0000;\">239. Rede<\/span><br \/>\n240. Regndroppar<br \/>\n<span style=\"color: #ff0000;\">241. Renoveringsobjekt<\/span><br \/>\n<span style=\"color: #ff0000;\"> 242. Reseminnen<\/span><br \/>\n<span style=\"color: #ff0000;\">243. Resultat<\/span><br \/>\n<span style=\"color: #ff0000;\">244. Riskomr\u00e5de<\/span><br \/>\n<span style=\"color: #ff0000;\">245. Rutor<\/span><br \/>\n<span style=\"color: #ff0000;\">246. R\u00e4kmacka<\/span><br \/>\n<span style=\"color: #ff0000;\">247. Sakletare<\/span><br \/>\n248. Sanddyner<br \/>\n<span style=\"color: #ff0000;\">249. Selfie<\/span><br \/>\n<span style=\"color: #ff0000;\">250. Semesterjobb<\/span><br \/>\n<span style=\"color: #ff0000;\">251. Semesterlycka<\/span><br \/>\n<span style=\"color: #ff0000;\">252. Sj\u00f6fart<\/span><br \/>\n<span style=\"color: #ff0000;\"> 253. Sj\u00f6f\u00e5gel<\/span><br \/>\n<span style=\"color: #ff0000;\"> 254. Skepp<\/span><br \/>\n<span style=\"color: #ff0000;\">255. Skimrande<\/span><br \/>\n<span style=\"color: #ff0000;\">256. Skiva<\/span><br \/>\n<span style=\"color: #ff0000;\">257. Skruvade<\/span><br \/>\n<span style=\"color: #ff0000;\"> 258. Sky<\/span><br \/>\n<span style=\"color: #ff0000;\">259. Sk\u00e5l<\/span><br \/>\n<span style=\"color: #ff0000;\">260. Sk\u00e4rvor<\/span><br \/>\n261. Sk\u00f6r<br \/>\n262. Slemmig<br \/>\n<span style=\"color: #ff0000;\">263. Slicka<\/span><br \/>\n<span style=\"color: #ff0000;\">264. Slipad<\/span><br \/>\n<span style=\"color: #ff0000;\">265. Slokar<\/span><br \/>\n<span style=\"color: #ff0000;\">266. Sl\u00e4p<\/span><br \/>\n<span style=\"color: #ff0000;\">267. Smakfullt<\/span><br \/>\n<span style=\"color: #ff0000;\">268. Sm\u00e5b\u00e5tshamn<\/span><br \/>\n<span style=\"color: #ff0000;\">269. Sm\u00e5tt<\/span><br \/>\n270. Snickargl\u00e4dje<br \/>\n271. Snyltare<br \/>\n272. Sn\u00e4cka<br \/>\n<span style=\"color: #0000ff;\">273. Solros<\/span><br \/>\n<span style=\"color: #ff0000;\">274. Sommardryck<\/span><br \/>\n<span style=\"color: #ff0000;\"> 275. Sommaridyll<\/span><br \/>\n<span style=\"color: #ff0000;\"> 276. Sommarnatt<\/span><br \/>\n<span style=\"color: #ff0000;\">277. Spade<\/span><br \/>\n<span style=\"color: #ff0000;\">278. Spanar<\/span><br \/>\n<span style=\"color: #ff0000;\"> 279. Spegel<\/span><br \/>\n<span style=\"color: #ff0000;\"> 280. Spegelblank<\/span><br \/>\n<span style=\"color: #ff0000;\">281. Speja<\/span><br \/>\n<span style=\"color: #ff0000;\">282. Spets<\/span><br \/>\n2<span style=\"color: #ff0000;\">83. Spretig<\/span><br \/>\n284. Spridning<br \/>\n<span style=\"color: #ff0000;\">285. Spr\u00e4ckligt<\/span><br \/>\n286. Sp\u00f6klikt<br \/>\n<span style=\"color: #ff0000;\">287. Stairway to heaven<\/span><br \/>\n<span style=\"color: #ff0000;\">288. Stamst\u00e4lle<\/span><br \/>\n<span style=\"color: #ff0000;\">289. Stark<\/span><br \/>\n<span style=\"color: #ff0000;\"> 290. Stenhus<\/span><br \/>\n<span style=\"color: #ff0000;\">291. Stenh\u00e5rd<\/span><br \/>\n292. Stils\u00e4kert<br \/>\n<span style=\"color: #ff0000;\">293. Stj\u00e4lk<\/span><br \/>\n<span style=\"color: #ff0000;\">294. Stoppf\u00f6rbud<\/span><br \/>\n<span style=\"color: #ff0000;\"> 295. Strandad<\/span><br \/>\n<span style=\"color: #ff0000;\"> 296. Strandpromenad<\/span><br \/>\n<span style=\"color: #ff0000;\">297. St\u00e5tlig<\/span><br \/>\n<span style=\"color: #ff0000;\">298. Suddig<\/span><br \/>\n<span style=\"color: #ff0000;\">299. Sugen<\/span><br \/>\n<span style=\"color: #ff0000;\">300. Surrigt<\/span><br \/>\n<span style=\"color: #ff0000;\"> 301. Svalkande<\/span><br \/>\n<span style=\"color: #ff0000;\">302. Svindlande<\/span><br \/>\n<span style=\"color: #ff0000;\">303. Sv\u00e5rf\u00e5ngad<\/span><br \/>\n<span style=\"color: #ff0000;\">304. Syr\u00e9n<\/span><br \/>\n305. S\u00e5ngf\u00e5gel<br \/>\n306. S\u00f6ndagsfika<br \/>\n<span style=\"color: #ff0000;\">307. Taggtr\u00e5d<\/span><br \/>\n<span style=\"color: #ff0000;\">308. Takdropp<\/span><br \/>\n<span style=\"color: #ff0000;\">309. Takf\u00f6nster<\/span><br \/>\n<span style=\"color: #ff0000;\">310. Teknik<\/span><br \/>\n<span style=\"color: #ff0000;\">311. Tidens tand<\/span><br \/>\n<span style=\"color: #ff0000;\">312. Titta h\u00e4r!<\/span><br \/>\n<span style=\"color: #ff0000;\"> 313. Toppen<\/span><br \/>\n<span style=\"color: #0000ff;\">314. Treenigheten<\/span><br \/>\n<span style=\"color: #ff0000;\">315. Trehjuling<\/span><br \/>\n<span style=\"color: #ff0000;\">316. Trimmad<\/span><br \/>\n<span style=\"color: #ff0000;\">317. Trotj\u00e4nare<\/span><br \/>\n<span style=\"color: #ff0000;\">318. Tr\u00e5ngt<\/span><br \/>\n<span style=\"color: #ff0000;\">319. Tr\u00e4skor<\/span><br \/>\n<span style=\"color: #ff0000;\"> 320. Tr\u00f6ttm\u00f6ssor<\/span><br \/>\n<span style=\"color: #ff0000;\">321. Tunga<\/span><br \/>\n<span style=\"color: #ff0000;\">322. Typer<\/span><br \/>\n<span style=\"color: #ff0000;\">323. T\u00e5ng<\/span><br \/>\n<span style=\"color: #ff0000;\">324. T\u00f6md<\/span><br \/>\n<span style=\"color: #ff0000;\">325. Under bordet<\/span><br \/>\n<span style=\"color: #ff0000;\">326. Under ytan<\/span><br \/>\n<span style=\"color: #ff0000;\">327. Underl\u00e4ge<\/span><br \/>\n328. Upphittat<br \/>\n<span style=\"color: #ff0000;\">329. Upph\u00e4ngd<\/span><br \/>\n<span style=\"color: #ff0000;\">330. Uppladdning<\/span><br \/>\n<span style=\"color: #ff0000;\">331. Upplysning<\/span><br \/>\n<span style=\"color: #ff0000;\">332. Uppvaktning<\/span><br \/>\n<span style=\"color: #ff0000;\">333. Ur led \u00e4r tiden<\/span><br \/>\n<span style=\"color: #ff0000;\">334. Utm\u00e4rkt<\/span><br \/>\n<span style=\"color: #ff0000;\">335. Utsiktsplats<\/span><br \/>\n336. Utv\u00e4xt<br \/>\n<span style=\"color: #ff0000;\">337. Va?<\/span><br \/>\n<span style=\"color: #ff0000;\">338. Vandring<\/span><br \/>\n<span style=\"color: #ff0000;\">339. Variation<\/span><br \/>\n<span style=\"color: #ff0000;\">340. Varum\u00e4rke<\/span><br \/>\n341. Vattenlek<br \/>\n342. Vederv\u00e4rdigt<br \/>\n<span style=\"color: #ff0000;\">343. Verkstad<\/span><br \/>\n<span style=\"color: #ff0000;\"> 344. Vill in!<\/span><br \/>\n<span style=\"color: #ff0000;\">345. Vilopaus<\/span><br \/>\n346. Vinklar<br \/>\n<span style=\"color: #ff0000;\">347. Virrvarr<\/span><br \/>\n<span style=\"color: #ff0000;\">348. Vriden<\/span><br \/>\n<span style=\"color: #ff0000;\">349. V\u00e5gr\u00e4t<\/span><br \/>\n<span style=\"color: #ff0000;\">350. V\u00e5rblommor<\/span><br \/>\n<span style=\"color: #ff0000;\">351. V\u00e5rljus<\/span><br \/>\n<span style=\"color: #ff0000;\">352. V\u00e4dra<\/span><br \/>\n<span style=\"color: #ff0000;\">353. Zoom<\/span><br \/>\n<span style=\"color: #ff0000;\">354. \u00c5lderdom<\/span><br \/>\n355. \u00c5ngor<br \/>\n356. \u00c5rsdag<br \/>\n<span style=\"color: #ff0000;\">357. \u00c5terkommande<\/span><br \/>\n358. \u00c5terkoppling<br \/>\n<span style=\"color: #ff0000;\">359. \u00c4lvstrand<\/span><br \/>\n360. \u00c4sch d\u00e5!<br \/>\n<span style=\"color: #ff0000;\">361. \u00d6gonfr\u00f6jd<\/span><br \/>\n<span style=\"color: #ff0000;\">362. \u00d6gonkast<\/span><br \/>\n363. \u00d6ppet f\u00f6nster<br \/>\n<span style=\"color: #ff0000;\">364. \u00d6ver ytan<\/span><br \/>\n365. \u00d6verlappad<\/p>\n","protected":false},"excerpt":{"rendered":"<p>Jag har \u00e4ven gjort temalistan som en PDF-fil f\u00f6r den som vill ha den p\u00e5 ett papper. Temalista 2015 Bl\u00e5tt betyder att jag skippar det temat i \u00e5r. 1. 8:e mars 2. Akter 3. Alla hj\u00e4rtans dag 4. Amputerad 5. Andlig 6. Andningsh\u00e5l 7. Avbild 8. Ax 9. Backspegeln 10&#8230;. <a class=\"continue-reading-link\" href=\"https:\/\/carrofoto.nu\/365foton\/teman-2015-2-2\/\"> Continue reading <span class=\"meta-nav\">&rarr; <\/span><\/a><\/p>\n","protected":false},"author":1,"featured_media":0,"parent":0,"menu_order":10,"comment_status":"open","ping_status":"closed","template":"","meta":{"footnotes":""},"class_list":["post-4","page","type-page","status-publish","hentry"],"_links":{"self":[{"href":"https:\/\/carrofoto.nu\/365foton\/wp-json\/wp\/v2\/pages\/4","targetHints":{"allow":["GET"]}}],"collection":[{"href":"https:\/\/carrofoto.nu\/365foton\/wp-json\/wp\/v2\/pages"}],"about":[{"href":"https:\/\/carrofoto.nu\/365foton\/wp-json\/wp\/v2\/types\/page"}],"author":[{"embeddable":true,"href":"https:\/\/carrofoto.nu\/365foton\/wp-json\/wp\/v2\/users\/1"}],"replies":[{"embeddable":true,"href":"https:\/\/carrofoto.nu\/365foton\/wp-json\/wp\/v2\/comments?post=4"}],"version-history":[{"count":1,"href":"https:\/\/carrofoto.nu\/365foton\/wp-json\/wp\/v2\/pages\/4\/revisions"}],"predecessor-version":[{"id":3849,"href":"https:\/\/carrofoto.nu\/365foton\/wp-json\/wp\/v2\/pages\/4\/revisions\/3849"}],"wp:attachment":[{"href":"https:\/\/carrofoto.nu\/365foton\/wp-json\/wp\/v2\/media?parent=4"}],"curies":[{"name":"wp","href":"https:\/\/api.w.org\/{rel}","templated":true}]}}