{"id":877,"date":"2014-07-02T19:37:28","date_gmt":"2014-07-02T17:37:28","guid":{"rendered":"https:\/\/jaheca.se\/carro\/365foton2014\/?page_id=877"},"modified":"2026-02-04T17:08:45","modified_gmt":"2026-02-04T16:08:45","slug":"om-mig","status":"publish","type":"page","link":"https:\/\/carrofoto.nu\/365foton\/om-mig\/","title":{"rendered":"Om mig"},"content":{"rendered":"<p>Caroline heter jag, och jag \u00e4r en qvinna p\u00e5 55+, som bor i villa p\u00e5 v\u00e4stkusten med sambo, tv\u00e5 hundar och tre katter. P\u00e5 fritiden gillar jag att tr\u00e4na och p\u00e5ta i tr\u00e4dg\u00e5rden, reser \u00e4ven till Cypern varje h\u00f6st.<\/p>\n<p>Har alltid tyckt om att fotografera p\u00e5 hobbyniv\u00e5, mest blir det bilder p\u00e5 tr\u00e4dg\u00e5rden, djur och natur. Mestadels fotograferar jag med mobilen d\u00e5 den f\u00f6ljer med precis \u00f6verallt.<\/p>\n<p>Tar fotoutmaningen som en chans att f\u00f6rb\u00e4ttra mina fotokunskaper och \u00e4ven testa min systemkamera i olika situationer.<\/p>\n<p>Ni kan hitta mina andra hemsidor och bloggar fr\u00e5n min portal\u00a0<a href=\"http:\/\/jaheca.se\" target=\"_blank\" rel=\"noopener noreferrer\">Carros bloggportal<\/a><\/p>\n","protected":false},"excerpt":{"rendered":"<p>Caroline heter jag, och jag \u00e4r en qvinna p\u00e5 55+, som bor i villa p\u00e5 v\u00e4stkusten med sambo, tv\u00e5 hundar och tre katter. P\u00e5 fritiden gillar jag att tr\u00e4na och p\u00e5ta i tr\u00e4dg\u00e5rden, reser \u00e4ven till Cypern varje h\u00f6st. Har alltid tyckt om att fotografera p\u00e5 hobbyniv\u00e5, mest blir det&#8230; <a class=\"continue-reading-link\" href=\"https:\/\/carrofoto.nu\/365foton\/om-mig\/\"> Continue reading <span class=\"meta-nav\">&rarr; <\/span><\/a><\/p>\n","protected":false},"author":1,"featured_media":0,"parent":0,"menu_order":14,"comment_status":"closed","ping_status":"closed","template":"","meta":{"footnotes":""},"class_list":["post-877","page","type-page","status-publish","hentry"],"_links":{"self":[{"href":"https:\/\/carrofoto.nu\/365foton\/wp-json\/wp\/v2\/pages\/877","targetHints":{"allow":["GET"]}}],"collection":[{"href":"https:\/\/carrofoto.nu\/365foton\/wp-json\/wp\/v2\/pages"}],"about":[{"href":"https:\/\/carrofoto.nu\/365foton\/wp-json\/wp\/v2\/types\/page"}],"author":[{"embeddable":true,"href":"https:\/\/carrofoto.nu\/365foton\/wp-json\/wp\/v2\/users\/1"}],"replies":[{"embeddable":true,"href":"https:\/\/carrofoto.nu\/365foton\/wp-json\/wp\/v2\/comments?post=877"}],"version-history":[{"count":3,"href":"https:\/\/carrofoto.nu\/365foton\/wp-json\/wp\/v2\/pages\/877\/revisions"}],"predecessor-version":[{"id":4643,"href":"https:\/\/carrofoto.nu\/365foton\/wp-json\/wp\/v2\/pages\/877\/revisions\/4643"}],"wp:attachment":[{"href":"https:\/\/carrofoto.nu\/365foton\/wp-json\/wp\/v2\/media?parent=877"}],"curies":[{"name":"wp","href":"https:\/\/api.w.org\/{rel}","templated":true}]}}